{"id":3460,"date":"2020-11-22T15:21:03","date_gmt":"2020-11-22T14:21:03","guid":{"rendered":"https:\/\/anybrid.de\/?page_id=3460"},"modified":"2021-02-26T13:08:26","modified_gmt":"2021-02-26T12:08:26","slug":"impressum","status":"publish","type":"page","link":"https:\/\/anybrid.de\/en\/impressum\/","title":{"rendered":"Imprint"},"content":{"rendered":"<p><div class=\"fusion-fullwidth fullwidth-box fusion-builder-row-1 fusion-flex-container faded-background fusion-parallax-fixed nonhundred-percent-fullwidth non-hundred-percent-height-scrolling lazyload\" style=\"--awb-border-radius-top-left:0px;--awb-border-radius-top-right:0px;--awb-border-radius-bottom-right:0px;--awb-border-radius-bottom-left:0px;--awb-min-height:40vh;--awb-background-image:linear-gradient(180deg, rgba(233,235,237,0.8) 0%,rgba(153,186,202,0.5) 100%);;--awb-background-size:cover;--awb-flex-wrap:wrap;background-attachment:fixed;\" data-bg=\"https:\/\/anybrid.de\/wp-content\/uploads\/2020\/12\/brief-scaled.jpg\" data-bg-gradient=\"linear-gradient(180deg, rgba(233,235,237,0.8) 0%,rgba(153,186,202,0.5) 100%)\" ><div class=\"fullwidth-faded lazyload\" style=\"--awb-background-parallax:fixed;--awb-background-size:cover;--awb-background-image:linear-gradient(180deg, rgba(233,235,237,0.8) 0%,rgba(153,186,202,0.5) 100%);;\" data-bg=\"https:\/\/anybrid.de\/wp-content\/uploads\/2020\/12\/brief-scaled.jpg\" data-bg-gradient=\"linear-gradient(180deg, rgba(233,235,237,0.8) 0%,rgba(153,186,202,0.5) 100%)\" ><\/div><div class=\"fusion-builder-row fusion-row fusion-flex-align-items-center fusion-flex-align-content-center fusion-flex-content-wrap\" style=\"max-width:calc( 99,9999% + 20px );margin-left: calc(-20px \/ 2 );margin-right: calc(-20px \/ 2 );\"><div class=\"fusion-layout-column fusion_builder_column fusion-builder-column-0 fusion_builder_column_1_1 1_1 fusion-flex-column\" style=\"--awb-padding-left:15%;--awb-padding-left-medium:10%;--awb-padding-left-small:10%;--awb-bg-size:cover;--awb-width-large:100%;--awb-margin-top-large:0px;--awb-spacing-right-large:10px;--awb-margin-bottom-large:0px;--awb-spacing-left-large:10px;--awb-width-medium:100%;--awb-order-medium:0;--awb-spacing-right-medium:10px;--awb-spacing-left-medium:10px;--awb-width-small:100%;--awb-order-small:0;--awb-spacing-right-small:10px;--awb-spacing-left-small:10px;\"><div class=\"fusion-column-wrapper fusion-column-has-shadow fusion-flex-justify-content-flex-start fusion-content-layout-column\"><div class=\"fusion-title title fusion-title-1 fusion-sep-none fusion-title-text fusion-title-size-one\" style=\"--awb-text-color:#00283c;\"><h1 class=\"fusion-title-heading title-heading-left fusion-responsive-typography-calculated\" style=\"font-family:&quot;AXIA Black&quot;;font-style:normal;font-weight:400;margin:0;--fontSize:46;line-height:1.16;text-shadow:0px 0px 3px #ffffff;\">Imprint<span style=\"color: #c30017;\">.<\/span><\/h1><\/div><\/div><\/div><\/div><\/div><div class=\"fusion-fullwidth fullwidth-box fusion-builder-row-2 fusion-flex-container nonhundred-percent-fullwidth non-hundred-percent-height-scrolling\" style=\"--awb-border-radius-top-left:0px;--awb-border-radius-top-right:0px;--awb-border-radius-bottom-right:0px;--awb-border-radius-bottom-left:0px;--awb-padding-top:4%;--awb-padding-right:10%;--awb-padding-left:10%;--awb-padding-top-medium:4%;--awb-padding-top-small:4%;--awb-flex-wrap:wrap;\" ><div class=\"fusion-builder-row fusion-row fusion-flex-align-items-flex-start fusion-flex-justify-content-center fusion-flex-content-wrap\" style=\"max-width:calc( 99,9999% + 20px );margin-left: calc(-20px \/ 2 );margin-right: calc(-20px \/ 2 );\"><div class=\"fusion-layout-column fusion_builder_column fusion-builder-column-1 fusion_builder_column_1_1 1_1 fusion-flex-column\" style=\"--awb-bg-size:cover;--awb-width-large:100%;--awb-margin-top-large:0px;--awb-spacing-right-large:10px;--awb-margin-bottom-large:0px;--awb-spacing-left-large:10px;--awb-width-medium:100%;--awb-spacing-right-medium:10px;--awb-spacing-left-medium:10px;--awb-width-small:100%;--awb-spacing-right-small:10px;--awb-spacing-left-small:10px;\"><div class=\"fusion-column-wrapper fusion-flex-justify-content-flex-start fusion-content-layout-column\"><div class=\"fusion-text fusion-text-1\"><p><b>According to \u00a7 5 TMG:<\/b><\/p>\n<p><b>ANYBRID GmbH<br \/>\n<\/b><b>Marschnerstr. 39<br \/>\n<\/b><b>01307 Dresden<br \/>\n<\/b><\/p>\n<p>HRB 40818<br \/>\nVAT\/ USt-IdNr.: DE339598866<\/p>\n<p>Represented by:<br \/>\nDr.-Ing. Michael Krahl<br \/>\nGeneral Management<br \/>\nTel.: +49 (0) 351 463-42499<br \/>\n<strong><a href=\"https:\/\/anybrid.de\/anymail.php\">E-MAIL<\/a><\/strong><\/p>\n<p><strong>Responsible for content\u00a0<b><i>according to \u00a7 55 Abs. 2 RStV<\/i><\/b>, conception and realization of the pages\u00a0<\/strong><br \/>\nDr.-Ing. MBA Michael Stegelmann<br \/>\nSales and Finances<i><br \/>\n<\/i>Tel: +49 (0) 351 463<i>-38269<\/i><i><br \/>\n<\/i><a href=\"https:\/\/anybrid.de\/anymail.php\"><strong>E-MAIL<\/strong><\/a><i><br \/>\n<\/i><b><\/b><\/p>\n<p><strong>Liability for Content<\/strong><br \/>\nWe make every effort to keep the information on our Web site current, but accept no liability whatsoever for the content provided. Pursuant to \u00a77 par. 1 of TMG (German Tele-Media Act), the law limits our responsibility as a service provider to our own content on these Web pages. According to \u00a7\u00a78 to 10 of TMG, we are not obligated to monitor third party information provided or stored on our Web site. However, we shall promptly remove any content upon becoming aware that it violates the law. Our liability in such an instance shall commence at the time we become aware of the respective violation.<\/p>\n<p><strong>Liability for Links<\/strong><br \/>\nOur site contains links to third-party Web sites. We have no influence whatsoever on the information on these Web sites and accept no guaranty for its correctness. The content of such third-party sites is the responsibility of the respective owners\/providers.\nAt the time third-party Web sites were linked to ours, we found NO GROUNDS WHATSOEVER of any likely contravention of the law. We shall promptly delete a link upon becoming aware that it violates the law.<br \/>\nDie verlinkten Seiten wurden zum Zeitpunkt der Verlinkung auf m\u00f6gliche Rechtsverst\u00f6\u00dfe OHNE BEANSTANDUNG \u00fcberpr\u00fcft. Bei bekannt werden von Rechtsverletzungen werden wir derartige Links umgehend entfernen.<\/p>\n<p><strong>Copyrights<\/strong><br \/>\nThe content and works provided on these Web pages are governed by the copyright laws of Germany. Duplication, processing, distribution, or any form of commercialization of such material beyond the scope of the copyright law shall require the prior written consent of its respective author or creator.<\/p>\n<p><strong>Privacy<\/strong><br \/>\nPlease be aware that there are inherent security risks in transmitting data, such as e-mails, via the Internet, because it is impossible to safeguard completely against unauthorized access by third parties. Nevertheless, we shall safeguard your data, subject to this limitation. In particular, personal information will be transmitted via the Internet only if it does not infringe upon third-party rights, unless the respective party has given its prior consent in view of such security risks. Accordingly, as the Web site provider, we shall not be held liable for any damages incurred as a consequence of such security risks or for any related acts of omission on our part.<\/p>\n<p>We oppose the use of any available contact information by a third party for sending unsolicited advertisements. As the Web site provider, we reserve the express right to take legal action against unsolicited mailing or e-mailing of spam and other similar advertising materials.<\/p>\n<p>You can find more information on data protection and the privacy policy in accordance with the General Data Protection Regulation (GDPR)\u00a0<a title=\"Privacy\" href=\"https:\/\/anybrid.de\/en\/datenschutz\/\">here<\/a>.<\/p>\n<\/div><\/div><\/div><\/div><\/div><\/p>","protected":false},"excerpt":{"rendered":"","protected":false},"author":1,"featured_media":0,"parent":0,"menu_order":0,"comment_status":"closed","ping_status":"closed","template":"100-width.php","meta":{"content-type":"","footnotes":""},"class_list":["post-3460","page","type-page","status-publish","hentry"],"yoast_head":"<!-- This site is optimized with the Yoast SEO plugin v25.9 - https:\/\/yoast.com\/wordpress\/plugins\/seo\/ -->\n<title>Impressum &#183; ANYBRID \u00b7<\/title>\n<meta name=\"robots\" content=\"index, follow, max-snippet:-1, max-image-preview:large, max-video-preview:-1\" \/>\n<link rel=\"canonical\" href=\"https:\/\/anybrid.de\/en\/impressum\/\" \/>\n<meta property=\"og:locale\" content=\"en_US\" \/>\n<meta property=\"og:type\" content=\"article\" \/>\n<meta property=\"og:title\" content=\"Impressum &#183; ANYBRID \u00b7\" \/>\n<meta property=\"og:url\" content=\"https:\/\/anybrid.de\/en\/impressum\/\" \/>\n<meta property=\"og:site_name\" content=\"ANYBRID \u00b7\" \/>\n<meta property=\"article:modified_time\" content=\"2021-02-26T12:08:26+00:00\" \/>\n<meta name=\"twitter:card\" content=\"summary_large_image\" \/>\n<meta name=\"twitter:label1\" content=\"Est. reading time\" \/>\n\t<meta name=\"twitter:data1\" content=\"8 minutes\" \/>\n<script type=\"application\/ld+json\" class=\"yoast-schema-graph\">{\"@context\":\"https:\/\/schema.org\",\"@graph\":[{\"@type\":\"WebPage\",\"@id\":\"https:\/\/anybrid.de\/impressum\/\",\"url\":\"https:\/\/anybrid.de\/impressum\/\",\"name\":\"Impressum &#183; ANYBRID \u00b7\",\"isPartOf\":{\"@id\":\"https:\/\/anybrid.de\/#website\"},\"datePublished\":\"2020-11-22T14:21:03+00:00\",\"dateModified\":\"2021-02-26T12:08:26+00:00\",\"breadcrumb\":{\"@id\":\"https:\/\/anybrid.de\/impressum\/#breadcrumb\"},\"inLanguage\":\"en-US\",\"potentialAction\":[{\"@type\":\"ReadAction\",\"target\":[\"https:\/\/anybrid.de\/impressum\/\"]}]},{\"@type\":\"BreadcrumbList\",\"@id\":\"https:\/\/anybrid.de\/impressum\/#breadcrumb\",\"itemListElement\":[{\"@type\":\"ListItem\",\"position\":1,\"name\":\"Startseite\",\"item\":\"https:\/\/anybrid.de\/\"},{\"@type\":\"ListItem\",\"position\":2,\"name\":\"Impressum\"}]},{\"@type\":\"WebSite\",\"@id\":\"https:\/\/anybrid.de\/#website\",\"url\":\"https:\/\/anybrid.de\/\",\"name\":\"ANYBRID \u00b7\",\"description\":\"plastics on the fly\",\"publisher\":{\"@id\":\"https:\/\/anybrid.de\/#organization\"},\"potentialAction\":[{\"@type\":\"SearchAction\",\"target\":{\"@type\":\"EntryPoint\",\"urlTemplate\":\"https:\/\/anybrid.de\/?s={search_term_string}\"},\"query-input\":{\"@type\":\"PropertyValueSpecification\",\"valueRequired\":true,\"valueName\":\"search_term_string\"}}],\"inLanguage\":\"en-US\"},{\"@type\":\"Organization\",\"@id\":\"https:\/\/anybrid.de\/#organization\",\"name\":\"ANYBRID GmbH\",\"url\":\"https:\/\/anybrid.de\/\",\"logo\":{\"@type\":\"ImageObject\",\"inLanguage\":\"en-US\",\"@id\":\"https:\/\/anybrid.de\/#\/schema\/logo\/image\/\",\"url\":\"https:\/\/anybrid.de\/wp-content\/uploads\/2020\/11\/ANYBRID_MZ_RGB.png\",\"contentUrl\":\"https:\/\/anybrid.de\/wp-content\/uploads\/2020\/11\/ANYBRID_MZ_RGB.png\",\"width\":1489,\"height\":596,\"caption\":\"ANYBRID GmbH\"},\"image\":{\"@id\":\"https:\/\/anybrid.de\/#\/schema\/logo\/image\/\"},\"sameAs\":[\"https:\/\/www.linkedin.com\/company\/anybrid\/\",\"https:\/\/www.youtube.com\/channel\/UCtHXlJiWNMbeWMJ6QVOMXSQ\"]}]}<\/script>\n<!-- \/ Yoast SEO plugin. -->","yoast_head_json":{"title":"Impressum &#183; ANYBRID \u00b7","robots":{"index":"index","follow":"follow","max-snippet":"max-snippet:-1","max-image-preview":"max-image-preview:large","max-video-preview":"max-video-preview:-1"},"canonical":"https:\/\/anybrid.de\/en\/impressum\/","og_locale":"en_US","og_type":"article","og_title":"Impressum &#183; ANYBRID \u00b7","og_url":"https:\/\/anybrid.de\/en\/impressum\/","og_site_name":"ANYBRID \u00b7","article_modified_time":"2021-02-26T12:08:26+00:00","twitter_card":"summary_large_image","twitter_misc":{"Est. reading time":"8 minutes"},"schema":{"@context":"https:\/\/schema.org","@graph":[{"@type":"WebPage","@id":"https:\/\/anybrid.de\/impressum\/","url":"https:\/\/anybrid.de\/impressum\/","name":"Impressum &#183; ANYBRID \u00b7","isPartOf":{"@id":"https:\/\/anybrid.de\/#website"},"datePublished":"2020-11-22T14:21:03+00:00","dateModified":"2021-02-26T12:08:26+00:00","breadcrumb":{"@id":"https:\/\/anybrid.de\/impressum\/#breadcrumb"},"inLanguage":"en-US","potentialAction":[{"@type":"ReadAction","target":["https:\/\/anybrid.de\/impressum\/"]}]},{"@type":"BreadcrumbList","@id":"https:\/\/anybrid.de\/impressum\/#breadcrumb","itemListElement":[{"@type":"ListItem","position":1,"name":"Startseite","item":"https:\/\/anybrid.de\/"},{"@type":"ListItem","position":2,"name":"Impressum"}]},{"@type":"WebSite","@id":"https:\/\/anybrid.de\/#website","url":"https:\/\/anybrid.de\/","name":"ANYBRID \u00b7","description":"plastics on the fly","publisher":{"@id":"https:\/\/anybrid.de\/#organization"},"potentialAction":[{"@type":"SearchAction","target":{"@type":"EntryPoint","urlTemplate":"https:\/\/anybrid.de\/?s={search_term_string}"},"query-input":{"@type":"PropertyValueSpecification","valueRequired":true,"valueName":"search_term_string"}}],"inLanguage":"en-US"},{"@type":"Organization","@id":"https:\/\/anybrid.de\/#organization","name":"ANYBRID GmbH","url":"https:\/\/anybrid.de\/","logo":{"@type":"ImageObject","inLanguage":"en-US","@id":"https:\/\/anybrid.de\/#\/schema\/logo\/image\/","url":"https:\/\/anybrid.de\/wp-content\/uploads\/2020\/11\/ANYBRID_MZ_RGB.png","contentUrl":"https:\/\/anybrid.de\/wp-content\/uploads\/2020\/11\/ANYBRID_MZ_RGB.png","width":1489,"height":596,"caption":"ANYBRID GmbH"},"image":{"@id":"https:\/\/anybrid.de\/#\/schema\/logo\/image\/"},"sameAs":["https:\/\/www.linkedin.com\/company\/anybrid\/","https:\/\/www.youtube.com\/channel\/UCtHXlJiWNMbeWMJ6QVOMXSQ"]}]}},"_links":{"self":[{"href":"https:\/\/anybrid.de\/en\/wp-json\/wp\/v2\/pages\/3460","targetHints":{"allow":["GET"]}}],"collection":[{"href":"https:\/\/anybrid.de\/en\/wp-json\/wp\/v2\/pages"}],"about":[{"href":"https:\/\/anybrid.de\/en\/wp-json\/wp\/v2\/types\/page"}],"author":[{"embeddable":true,"href":"https:\/\/anybrid.de\/en\/wp-json\/wp\/v2\/users\/1"}],"replies":[{"embeddable":true,"href":"https:\/\/anybrid.de\/en\/wp-json\/wp\/v2\/comments?post=3460"}],"version-history":[{"count":9,"href":"https:\/\/anybrid.de\/en\/wp-json\/wp\/v2\/pages\/3460\/revisions"}],"predecessor-version":[{"id":5235,"href":"https:\/\/anybrid.de\/en\/wp-json\/wp\/v2\/pages\/3460\/revisions\/5235"}],"wp:attachment":[{"href":"https:\/\/anybrid.de\/en\/wp-json\/wp\/v2\/media?parent=3460"}],"curies":[{"name":"wp","href":"https:\/\/api.w.org\/{rel}","templated":true}]}}